{"id":19320,"date":"2015-04-02T08:27:23","date_gmt":"2015-04-02T07:27:23","guid":{"rendered":"https:\/\/intelligent-friend-7861.standoutwp.com\/?page_id=19320"},"modified":"2026-04-30T16:25:44","modified_gmt":"2026-04-30T14:25:44","slug":"utstallningar","status":"publish","type":"page","link":"https:\/\/www.kultursidan.nu\/?page_id=19320","title":{"rendered":"UTST\u00c4LLNINGAR  Norrk\u00f6ping"},"content":{"rendered":"<h2><span style=\"color: #ff0000;\">Festivaler \u2022 Institutioner \u2022 Konstgallerier \u2022 Arbetslivsmuseer<\/span><\/h2>\n<h4><strong><span style=\"color: #0000ff;\">\u00c5TERKOMMANDE TILLF\u00c4LLIGHETER<\/span><\/strong><\/h4>\n<h4><strong>ARK\u00d6SUNDS HOTELL<\/strong><strong><br \/>\n<\/strong><\/h4>\n<h4><strong><span style=\"color: #000000;\">DE GEERGYMNASIETS KONST- OCH DESIGNPROGRAM<\/span><\/strong><\/h4>\n<p><span style=\"color: #000000;\"><strong>INRE HAMNEN<\/strong><\/span><br \/>\n<em><strong>Norra sidan<\/strong> Lanternor \u2013 Aleksandra Stratimirovic.<br \/>\n<strong>S\u00f6dra sidan <\/strong>Den inre v\u00e4rldsutst\u00e4llningen \u2013 \u00c5sa Jungnelius.<\/em><\/p>\n<p><strong><span style=\"color: #000000;\">KULTURNATTEN<\/span><\/strong><br \/>\n\u00c5rligen<em>. Multikulturell festival i fr\u00e4mst centrala delar av Norrk\u00f6ping, \u00e4ven andra delar. V\u00e4ldigt mycket gratis. V\u00e4ldigt ideellt. <\/em>Sista l\u00f6rdagen i september. <a href=\"https:\/\/visit.norrkoping.se\/se-och-gora\/storre-evenemang\/kulturnatten\" target=\"_blank\" rel=\"noopener\">Info<\/a><\/p>\n<p><span style=\"color: #000000;\"><strong>NORRK\u00d6PINGS KONSTRUNDA<\/strong><\/span><br \/>\n<em>Samlingsutst\u00e4llning <\/em><em>och \u00f6ppna atelj\u00e9er l\u00f6rdag\u2013s\u00f6ndag<\/em><em>.<\/em> Varje p\u00e5skvecka (cirka).<br \/>\n<a href=\"https:\/\/pekingrunda.se\">Info<\/a><\/p>\n<h4><strong><span style=\"color: #0000ff;\">INSTITUTIONER<\/span><\/strong><\/h4>\n<p><strong>ARBETETS MUSEUM \u2022\u2022 \u00d6ppet<\/strong> m\u00e5ndag\u2013s\u00f6ndag 10\u201317. <a href=\"https:\/\/www.arbetetsmuseum.se\" target=\"_blank\" rel=\"noopener\">Info<\/a><br \/>\n<em><strong>Plan 3 <\/strong><\/em><em>Historien om Alva<\/em>. Fast utst\u00e4llning 13\/6 2026 \u2013 tills vidare.<br \/>\n<em><strong>Laxholmsk\u00e4llaren<\/strong> Lilla Arbetets \u2013 f\u00f6r barn och vuxna.<\/em> Fast utst\u00e4llning. \u2022 <em>Magasinet \u2013 ljud fr\u00e5n v\u00e5rt f\u00f6r flutna.<\/em> Fast utst\u00e4llning.<br \/>\n<em><strong>Entreplanet<\/strong>\u00a0 \u00c5rets arbetslivsmuseum \u2013 <\/em><em>Museisp\u00e5rv\u00e4gen Malmk\u00f6ping. <\/em>1\/1\u201331\/12 2026.<em><br \/>\n<strong>Plan 2<\/strong> Jobbcirkus. <\/em>Fast utst\u00e4llning, f\u00f6rnyad fr\u00e5n 15\/2 2025.<br \/>\n<em><strong>EWK-museet, Plan 3<\/strong><\/em> <em>Best of EWK<\/em>. 1\/15 2025\u201331\/7 2026.<br \/>\n<em><strong>Plan 5<\/strong><\/em>\u00a0 <em>K\u00e4rlek \u2013 fr\u00e5n sv\u00e4ngom till svajp.<\/em> 18\/5 2025\u201317\/5 2026. \u2022\u00a0<em>Digitopia \u2013 arbete, vardagsliv, v\u00e5rd och \u00f6vervakning.<\/em> 4\/12 2021\u2013 tills vidare.\u00a0 \u2022<br \/>\n<em><strong>Plan<\/strong><strong> 7 \u00a0<\/strong><\/em><em>Unsheltered Island \u2013 samlingsutst\u00e4llning om skydd, beredskap och s\u00e5rbarhet \u2013 Charlotta Hammar, fotografi.<\/em> 7\/2\u20136\/9 2026 \u2022 <em>J\u00e4vla k*kdator!\u00a0<\/em>7\/3\u201317\/5 2026. \u2022 <em>G\u00f6mda sp\u00e5r. <\/em>Fast utst\u00e4llning.<\/p>\n<p><strong>F\u00c4RGARG\u00c5RDENS FRILUFTSMUSEUM<\/strong> <em>.<\/em> \u2022\u2022\u00a0 <strong>St\u00e4ngt<\/strong><\/p>\n<p><strong>Himmelstalunds h\u00e4llristningsmuseum<\/strong> <em>Stadsmuseets visningar utg\u00e5r fr\u00e5n Himmelstalundsbadets parkering. \u2022\u2022<\/em> <strong>St\u00e4ngt<\/strong><\/p>\n<p><strong>L\u00d6FSTAD SLOTT <\/strong><em>Slottet, Tr\u00e4dg\u00e5rden, Engelsk naturpark. <strong>Sommarutst\u00e4llning: <\/strong><\/em>. <a href=\"https:\/\/lofstad.se\" target=\"_blank\" rel=\"noopener\">Info<\/a><br \/>\n<strong>\u00d6ppet<\/strong> <em><strong>21 mars\u201314 juni 2026<\/strong><\/em>\u00a0 helger, r\u00f6da dagar &amp; kl\u00e4mdagar kl 11\u201316. \u00a0<strong><em>16\u2013<\/em><\/strong><em><strong>30 augusti<\/strong><\/em> dagl kl 11\u201316. <em><strong>1 september\u201325 oktober<\/strong><\/em> helger, r\u00f6da dagar &amp; kl\u00e4mdagar kl 11\u201316. <em><strong>28\u201329 november &amp; 5\u20136 december<\/strong><\/em> Jul p\u00e5 L\u00f6fstad kl 11\u201316.<\/p>\n<p><strong>NORRK\u00d6PINGS KONSTMUSEUM <\/strong><a href=\"https:\/\/www.norrkopingskonstmuseum.se\">Info<\/a> <del><\/del><br \/>\n<em><strong>Ur samlingarna:<\/strong><\/em>\u00a0<em>En linje chim\u00e4r \u2013 300 \u00e5r av svensk konst.<\/em><br \/>\n<em><strong>S\u00e4songsutst\u00e4llningar:<\/strong><\/em>\u00a0 <em>Vatten \u2013 livets fl\u00f6de \u2013 ur Konstmuseets och kommunens samlingar.\u00a0<\/em>27\/9 2025\u201331\/12 2026. \u2022 Cecilia Edefalk \u2013 Nya verk i samlingen. 15\/11 2025\u201331\/12 2026. \u2022 <em>Subterranean Hunger \u2013 Sara-Vide Ericson<\/em>. 21\/3\u20131\/11 2026.<br \/>\n<em><strong>Skulpturparken: <\/strong>Fast utst\u00e4llning.<\/em><br \/>\n<strong>\u00d6ppet<\/strong> <em><strong>Sept\u2013maj<\/strong><\/em> tis\u2013s\u00f6n 11\u201317, ons 11\u201320. <em><strong>Juni\u2013aug<\/strong><\/em> tis\u2013s\u00f6n 12\u201316, ons 12\u201320.<br \/>\n<del><\/del><\/p>\n<p><strong>NORRK\u00d6PINGS STADSBIBLIOTEK <\/strong><a href=\"https:\/\/www.gotabiblioteken.se\/norrkoping-bibliotek\" target=\"_blank\" rel=\"noopener\">Info<\/a><\/p>\n<p><strong>NORRK\u00d6PINGS STADSMUSEUM <\/strong><a href=\"https:\/\/www.norrkopingsstadsmuseum.se\" target=\"_blank\" rel=\"noopener\">Info<\/a><br \/>\n<em><strong>Fasta utst\u00e4llningar:<\/strong><\/em> <em>De f\u00f6rsta m\u00e4nniskorna \u2013 Norrk\u00f6pings f\u00f6rhistoria. \u2022 <\/em><em>Den f\u00f6rsta staden \u2013 Norrk\u00f6pings historia fr\u00e5n vikingatid till stormaktstid<\/em>. <em>\u2022 Den utvalda staden \u2013 Norrk\u00f6ping p\u00e5 1600- och 1700-talen.<\/em> <em>\u2022 Gate upp \u00e5 gate ner \u2013 Hantverket f\u00f6rr i tiden. <\/em><em>\u2022 Handelsboden \u2013 En m\u00f6tesplats som doftade nymalt kaffe. <\/em><em>\u2022\u00a0<\/em> <em>M\u00e4nniskor och maskiner \u2013 I n\u00f6d och lust. <\/em><br \/>\n<em><strong>F\u00e4rgerisalen\u00a0<\/strong>Moa Martinson \u2013 \u00e5ter till industristaden.<\/em> mars2024\u2013dec 2026.<br \/>\n<em><strong>Rum f\u00f6r arkeologi <\/strong>Fynd fr\u00e5n aktuella utgr\u00e4vningar i Norrk\u00f6ping.<\/em><br \/>\n<strong>\u00d6ppet <em>Jun\u2013aug <\/em><\/strong>tisdag\u2013s\u00f6ndag 11\u201316, tors 11\u201320. <a href=\"https:\/\/www.norrkopingsstadsmuseum.se\/besoksinfo\/oppettider\/\" target=\"_blank\" rel=\"noopener\"><span style=\"color: #000000;\"><span style=\"caret-color: #000000;\"><b><i>Avvikande tider, ofta f\u00f6rl\u00e4ngt<\/i><\/b><\/span><\/span><\/a><\/p>\n<p><strong>ST\u00c5HL COLLECTION, Yllefabriken<\/strong> <em>Ur Mikael St\u00e5hls samling av samtida m\u00e5leri och skulptur. <\/em>Omh\u00e4ngning \u00e5rligen. \u2022\u2022 <strong>\u00d6ppet <\/strong>onsdag 14\u201318, l\u00f6rdag 11\u201316. <a href=\"https:\/\/stahlcollection.se\" target=\"_blank\" rel=\"noopener\">Info<\/a><\/p>\n<p><strong>VISUALISERINGSCENTER C <\/strong><a href=\"http:\/\/visualiseringscenter.se\" target=\"_blank\" rel=\"noopener\">Info<\/a><br \/>\n<strong><em>Utst\u00e4llningar, Domf\u00f6rest\u00e4llningar, VR-teknik, Creepy Studio. <\/em><\/strong><br \/>\n<em><strong>Fasta utst\u00e4llningar<\/strong><\/em> <em>Decode the Code<\/em>. \u2022 <em>Insikter<\/em>. \u2022 <em>Wadstr\u00f6ms Exploranation Laboratory.<\/em> \u2022 <em>Rymdskpeppet.<br \/>\n<strong>S\u00e4songsutst\u00e4llningar:<\/strong>\u00a0 Wisdome.<br \/>\n<\/em><strong>\u00d6ppet <\/strong>alla dagar 10\u201316.<\/p>\n<p>&nbsp;<\/p>\n<h4><strong><span style=\"color: #0000ff;\">KONSTGALLERIER m.m.<\/span><\/strong><\/h4>\n<p><strong>ABF Bergslagsg\u00e5rden<\/strong> \u2022 <em>.<\/em> \u2022\u2022 <strong>\u00d6ppet<\/strong> samma som kurshuset.\u00a0 <a href=\"https:\/\/www.abf.se\/distrikt--avdelningar\/abf-ostergotland\/abfnaradig\/norrkoping\" target=\"_blank\" rel=\"noopener\">Info<\/a> <a href=\"https:\/\/www.facebook.com\/ABF-Bergslagsg\u00e5rden-Norrk\u00f6ping-331446280304571\" target=\"_blank\" rel=\"noopener\">FB<\/a><strong><br \/>\n<\/strong><\/p>\n<p><strong>Galleri Kronan<\/strong> \u2022 <em>Allt jag ville visa innan \u2013 Isabelle Nilsson, collografi.<\/em> 2\u201317\/5 2026. \u2022 <em>V\u00e5rsalong \u2013 Konst och Design, De Geergymnasiet \u00e5rskurserna 1\u20133. <\/em>23\u201327\/5 2026.\u00a0\u2022\u2022\u00a0 <strong>\u00d6ppet<\/strong> onsdag\u2013s\u00f6ndag 12\u201316. <a href=\"http:\/\/www.gallerikronan.se\" target=\"_blank\" rel=\"noopener\">Info<\/a><\/p>\n<p><strong>Galleri Sander\/NP33<\/strong> \u2022 <em>N\u00e4r f\u00e4rg blir struktur \u2013 Manfred Mays, m\u00e5lningar. <\/em> 11\/4\u20139\/5 2026. \u2022 <em>Under ytan \u2013 Thomas Cederstr\u00f6m, m\u00e5lningar. M\u00f6ter i Naturen \u2013 Karl M\u00e5rtens, m\u00e5lningar, <\/em>18\/4\u201323\/5 2026. \u2022 <em>Jag med mig och andra. Grupputst\u00e4llning med konstn\u00e4rer som studerar vid ArtistLab Academy, m\u00e5leri, fotografi och objekt. <\/em>16\/5\u201313\/6 2026\u00a0\u00a0\u2022\u2022\u2022 <strong>\u00d6ppet<\/strong> onsdag\u2013torsdag 11.30\u201317, fredag\u2013l\u00f6rdag 11.30\u201315. <a href=\"http:\/\/www.np33.se\" target=\"_blank\" rel=\"noopener\">Info<\/a><\/p>\n<p><strong>KIFiN:s atelj\u00e9hus, Plankgatan 18 <\/strong><a href=\"http:\/\/www.gallerikronan.se\/kifin\/\" target=\"_blank\" rel=\"noopener\">Info<\/a><\/p>\n<p><strong>Konstforum, S:t Persgatan 86 \u2013 Galleri &amp; Shop<\/strong><br \/>\n<b style=\"caret-color: #000000; color: #000000;\"><i><em><strong>Utst\u00e4llningar i Galleriet: <\/strong><\/em><\/i><\/b><span style=\"color: #000000;\"><span style=\"caret-color: #000000;\">\u2022\u00a0<em>I skuggan och framtiden \u2013 Caroline F&#8217;\u00e4rnstr\u00f6m, m\u00e5leri &amp; grafik.\u00a0<\/em>18\/4\u201310\/5 2026. \u2022 G\u00e4starrang\u00f6r: <em>GDK-Examensutst\u00e4llning. \u00a0<\/em>22\u201323\/5 2026 kl 10\u201318.\u00a0<\/span><\/span><br \/>\n<span style=\"color: #000000;\"><span style=\"caret-color: #000000;\"><b><i><em><strong>Shopen <\/strong><\/em><\/i><\/b><i><em>\u2022<\/em><\/i> <em>Elisabeth Naess, keramik. <\/em>6\/4\u201310\/5 2026. <em>\u2022 <strong>Alltid: <\/strong><\/em><i><em>\u00a0Lokala \u00a0o. regionala konstn\u00e4rer och konsthantverkare.<\/em><\/i><\/span><\/span><br \/>\n\u2022\u2022 <strong>\u00d6ppet<\/strong><em><strong>\u00a0<\/strong><\/em>onsdag\u2013s\u00f6ndag 12\u201316. \u00a0<a href=\"https:\/\/www.konstforumnorrkoping.se\/index.php\" target=\"_blank\" rel=\"noopener\">Info<\/a> <a href=\"https:\/\/www.facebook.com\/profile.php?id=100064306584483\" target=\"_blank\" rel=\"noopener\">FB<\/a><\/p>\n<p><strong>Marmorcaf\u00e9 B&amp;B<\/strong>, KOLM\u00c5RDEN <a href=\"https:\/\/www.facebook.com\/profile.php?id=100090782135246\" target=\"_blank\" rel=\"noopener\">Info FB<\/a><br \/>\n<em>Kerstin M Lindgren, m\u00e5leri<\/em>. 2\u201331\/5 2026 \u2022\u2022 <strong>\u00d6ppet<\/strong> l\u00f6rdag\u2013s\u00f6ndag 11\u201315.<\/p>\n<div class=\"page\" title=\"Page 4\"><strong style=\"font-size: 16px;\">S:t Olai kyrka<\/strong><span style=\"font-size: 16px;\"> \u2022 <\/span><span style=\"font-size: 16px;\">.<\/span><\/div>\n<p><strong>To Decay, Drottninggatan 23<\/strong> <a href=\"https:\/\/todecay.com\" target=\"_blank\" rel=\"noopener\">Info<\/a> <a href=\"https:\/\/www.facebook.com\/todecaystore\" target=\"_blank\" rel=\"noopener\">FB<\/a> <a href=\"https:\/\/www.instagram.com\/to.decay\" target=\"_blank\" rel=\"noopener\">Insta<\/a><br \/>\n\u2022 .\u00a0\u2022\u2022 <strong>\u00d6ppet<\/strong> ons\u2013tors 16-00, fre 16-01, l\u00f6rdag 12-01<\/p>\n<p><strong>Verkstad konsthall, Kvarteret Hallarna<\/strong> <em>Prima Vara \u2013 Anna M\u00e4rta Danielsson, multidisciplin\u00e4rt mellan konst o arkitektur, och Anna Zingmark, skulptur, installation &amp; performance (vid vernissagen)<\/em>. 27\/3\u20132\/5 \u2022\u2022 <strong>\u00d6ppet <\/strong>onsdag, torsdag kl 11\u201313, l\u00f6rdag kl 12\u201316. \u00a0<strong><a href=\"http:\/\/verkstadkonst.se\" target=\"_blank\" rel=\"noopener\">Info<\/a> <a href=\"https:\/\/www.facebook.com\/verkstadkonsthall\" target=\"_blank\" rel=\"noopener\">FB<\/a><br \/>\n<\/strong><\/p>\n<p>&nbsp;<\/p>\n<h4><span style=\"color: #0000ff;\">ARBETSLIVSMUSEER m.m.<\/span><\/h4>\n<p><strong>Brandk\u00e5rsmuseet, SIMONSTORP<\/strong> <em>Brandskydd och brandbek\u00e4mpning genom tiderna. <\/em><em>Fordon, utrustning, kl\u00e4dsel och milj\u00f6er. <\/em>\u2022\u2022 <strong>\u00d6ppet<\/strong> juni\u2013augusti tis\u2013s\u00f6n 11\u201314 . <a href=\"https:\/\/www.brandkarsmuseet.se\/\" target=\"_blank\" rel=\"noopener\">Info<\/a><\/p>\n<p><strong>Br\u00e5valla Flygflottilj, Lansengatan 40<\/strong> <em>Norrk\u00f6ping minns F 13. <\/em><strong>\u2022\u2022 \u00d6ppet<\/strong> 9\/4, 24\/4, 795, 21\/5, 4\/6 2022\u00a0 kl 11\u201314. <a href=\"https:\/\/f13.kamratforening.se\/\" target=\"_blank\" rel=\"noopener\">Info<\/a><\/p>\n<p><strong>Holmens museum, Laxholmstorget<\/strong> <em>Handpapperstillverkning. \u2022\u2022 <\/em><strong>\u00d6ppet<\/strong> tisdag, torsdag kl 9\u201312.30. <a href=\"https:\/\/www.holmen.com\/sv\/om-holmen\/holmen-i-korthet\/historia\/holmens-museum\/\" target=\"_blank\" rel=\"noopener\">Info<\/a><\/p>\n<p><strong>Hults Bruk Smidescentrum<\/strong>\u00a0<em>Smidets dagar. <\/em>4\u20135\/9 2021.<strong> \u2022\u2022 \u00d6ppet <\/strong><a href=\"https:\/\/www.facebook.com\/hultsbrukssmidescentrum\/\" target=\"_blank\" rel=\"noopener\">Info<\/a><strong><br \/>\n<\/strong><\/p>\n<p><strong>Marmorbruksmuseet, KOLM\u00c5RDEN<\/strong> <em>Marmorbrytning, smedja, snickeri, promenadv\u00e4gar.<\/em> \u2022 <em>Borrsmedjan<\/em> \u2013<em> f\u00f6r barn<\/em>. \u2022\u00a0<em>Livet p\u00e5 Bruket \u2013 modeller \u2022 Naturutst\u00e4llning.<\/em> \u2022 <strong>\u00d6ppet <\/strong>L\u00e5gs\u00e4song 9\u201312 tisdag och torsdag. \u2022 Maj\u2013sept \u00e4ven l\u00f6rdagar 11\u201314. \u2022 23\/6\u201318\/9 tisdag 9\u201312, onsdag\u2013s\u00f6ndag 11\u201316. M\u00e5ndagar st\u00e4ngt. <a href=\"https:\/\/www.facebook.com\/Marmorbruksmuseet-p\u00e5-Kolm\u00e5rden-123096617729631\/\" target=\"_blank\" rel=\"noopener\">Info<\/a><\/p>\n<p><strong>Skolmuseet, Lilla Hemg\u00e5rden<\/strong> \u2022\u2022 <strong>\u00d6ppet<\/strong> l\u00f6rdagar 13\u201316<span style=\"color: #ff0000;\">. <\/span><a href=\"https:\/\/skolmuseetnorrkoping.se\" target=\"_blank\" rel=\"noopener\">Info<\/a><strong><br \/>\n<\/strong><\/p>\n<p><strong>Stafsj\u00f6 Bruksmuseum, STAVSJ\u00d6<\/strong> \u2022\u2022 <strong>\u00d6ppet<\/strong> s\u00f6ndagar maj\u2013september 11\u201314. <a href=\"https:\/\/museum.stavsjo.se\" target=\"_blank\" rel=\"noopener\">Info<\/a><\/p>\n<p><strong>Svenskt UppfinnareMuseum,<\/strong> <strong>H\u00f6glunda Svarttorp, \u00c5BY<\/strong> \u2022\u2022 <strong>\u00d6ppet <\/strong><span style=\"color: #ff0000;\">f\u00f6r bokade bes\u00f6k<\/span> <del>m\u00e5ndag\u2013fredag 12\u201317.<\/del> <a href=\"http:\/\/svensktuppfinnaremuseum.se\" target=\"_blank\" rel=\"noopener\">Info<\/a><del><br \/>\n<\/del><\/p>\n<p><strong>Zarah Leandermuseet, VIKBOLANDET<\/strong> \u2022\u2022 <strong>\u00d6ppet<\/strong> juni\u2013augusti onsdag 17\u201320, l\u00f6rdag 11\u201314. <a href=\"http:\/\/zarahleander.se\/museet\/\" target=\"_blank\" rel=\"noopener\">Info<\/a><\/p>\n","protected":false},"excerpt":{"rendered":"<p>Festivaler \u2022 Institutioner \u2022 Konstgallerier \u2022 Arbetslivsmuseer \u00c5TERKOMMANDE TILLF\u00c4LLIGHETER ARK\u00d6SUNDS HOTELL DE GEERGYMNASIETS KONST- OCH DESIGNPROGRAM INRE HAMNEN Norra sidan Lanternor \u2013 Aleksandra Stratimirovic. S\u00f6dra sidan Den inre v\u00e4rldsutst\u00e4llningen \u2013 \u2026 <a class=\"continue-reading-link\" href=\"https:\/\/www.kultursidan.nu\/?page_id=19320\">L\u00e4s mer <span class=\"meta-nav\">&rarr; <\/span><\/a><\/p>\n","protected":false},"author":1001006,"featured_media":0,"parent":0,"menu_order":0,"comment_status":"closed","ping_status":"open","template":"","meta":{"footnotes":""},"class_list":["post-19320","page","type-page","status-publish","hentry"],"jetpack_sharing_enabled":true,"_links":{"self":[{"href":"https:\/\/www.kultursidan.nu\/index.php?rest_route=\/wp\/v2\/pages\/19320","targetHints":{"allow":["GET"]}}],"collection":[{"href":"https:\/\/www.kultursidan.nu\/index.php?rest_route=\/wp\/v2\/pages"}],"about":[{"href":"https:\/\/www.kultursidan.nu\/index.php?rest_route=\/wp\/v2\/types\/page"}],"author":[{"embeddable":true,"href":"https:\/\/www.kultursidan.nu\/index.php?rest_route=\/wp\/v2\/users\/1001006"}],"replies":[{"embeddable":true,"href":"https:\/\/www.kultursidan.nu\/index.php?rest_route=%2Fwp%2Fv2%2Fcomments&post=19320"}],"version-history":[{"count":411,"href":"https:\/\/www.kultursidan.nu\/index.php?rest_route=\/wp\/v2\/pages\/19320\/revisions"}],"predecessor-version":[{"id":43772,"href":"https:\/\/www.kultursidan.nu\/index.php?rest_route=\/wp\/v2\/pages\/19320\/revisions\/43772"}],"wp:attachment":[{"href":"https:\/\/www.kultursidan.nu\/index.php?rest_route=%2Fwp%2Fv2%2Fmedia&parent=19320"}],"curies":[{"name":"wp","href":"https:\/\/api.w.org\/{rel}","templated":true}]}}