{"id":19374,"date":"2015-04-09T14:11:24","date_gmt":"2015-04-09T13:11:24","guid":{"rendered":"https:\/\/intelligent-friend-7861.standoutwp.com\/?page_id=19374"},"modified":"2019-05-30T09:07:20","modified_gmt":"2019-05-30T08:07:20","slug":"mandag","status":"publish","type":"page","link":"https:\/\/www.kultursidan.nu\/?page_id=19374","title":{"rendered":"M\u00e5ndag 3 juni"},"content":{"rendered":"<p><span style=\"color: #ff0000;\">NORRK\u00d6PING<br \/>\n<a href=\"https:\/\/www.kultursidan.nu\/?page_id=19320\" target=\"_blank\" rel=\"noopener noreferrer\">p\u00e5g\u00e5ende utst\u00e4llningar<\/a><\/span><\/p>\n<p><span style=\"color: #0000ff;\">BARN\/UNG\/FAMILJ\/SKAPA<\/span><\/p>\n<p><strong>15\u201317<\/strong> DigIT: <em>Skapa bild och video i Adobe Premiere, f\u00f6r 10\u201313 \u00e5r.<\/em> \u2022 Hageby bibliotek, Mirum galleria.<\/p>\n<p><strong>17\u201319<\/strong> DigIT: <em>Skapa bild och video i Adobe Premiere, f\u00f6r 14\u201319 \u00e5r.<\/em> \u2022 Hageby bibliotek, Mirum galleria.<\/p>\n<p><span style=\"color: #0000ff;\">F\u00d6REL\u00c4SNING\/ SAMTAL<br \/>\n<\/span><\/p>\n<p><strong>15.00<\/strong> K\u00f6ksbordssamtal: <em>N\u00e5gra tankar om levnadskonst med Agnete Kinman, pr\u00e4st och l\u00e4kare.<\/em> \u2022 GalleriLi, SK\u00c4RKIND.<\/p>\n<p><span style=\"color: #0000ff;\">GUIDNING\/ VANDRING<\/span><\/p>\n<p><strong>13 &amp; 14 <\/strong>Visning: <em>Slottsvisning.<\/em> \u2022 L\u00f6fstad slott.<\/p>\n<p><span style=\"color: #0000ff;\">LITTERATUR<br \/>\n<\/span><\/p>\n<p><strong>17.00 <\/strong>L\u00e4ttl\u00e4st bokcaf\u00e9: <em>Boksamtal<\/em>. \u2022 Tysta l\u00e4srummet, Stadsbiblioteket.<\/p>\n<p><span style=\"color: #ff0000;\">FINSP\u00c5NG<br \/>\n<a href=\"https:\/\/www.kultursidan.nu\/?page_id=19324\" target=\"_blank\" rel=\"noopener noreferrer\">p\u00e5g\u00e5ende utst\u00e4llningar<\/a><\/span><\/p>\n<p><span style=\"color: #ff0000;\">S\u00d6DERK\u00d6PING<\/span><br \/>\n<a href=\"https:\/\/www.kultursidan.nu\/?page_id=27507\" target=\"_blank\" rel=\"noopener noreferrer\">p\u00e5g\u00e5ende utst\u00e4llningar<\/a><\/p>\n<p><span style=\"color: #ff0000;\">VALDEMARSVIK<\/span><br \/>\n<span style=\"color: #0000ff;\"> <a href=\"https:\/\/www.kultursidan.nu\/?page_id=27509\" target=\"_blank\" rel=\"noopener noreferrer\">p\u00e5g\u00e5ende utst\u00e4llningar<\/a><\/span><\/p>\n<p><strong>10.00 <\/strong>Vernissage: <em>Alter ego \u2013 Mitt andra jag, fotoutst\u00e4llning om kommuninv\u00e5nares fritidsintressen av Dan \u00c5ke Carlsson<\/em>. \u2022 Spektrummet, Valdemarsviks bibliotek.<\/p>\n<p>&nbsp;<\/p>\n","protected":false},"excerpt":{"rendered":"<p>NORRK\u00d6PING p\u00e5g\u00e5ende utst\u00e4llningar BARN\/UNG\/FAMILJ\/SKAPA 15\u201317 DigIT: Skapa bild och video i Adobe Premiere, f\u00f6r 10\u201313 \u00e5r. \u2022 Hageby bibliotek, Mirum galleria. 17\u201319 DigIT: Skapa bild och video i Adobe Premiere, \u2026 <a class=\"continue-reading-link\" href=\"https:\/\/www.kultursidan.nu\/?page_id=19374\">L\u00e4s mer <span class=\"meta-nav\">&rarr; <\/span><\/a><\/p>\n","protected":false},"author":1001006,"featured_media":0,"parent":0,"menu_order":0,"comment_status":"closed","ping_status":"open","template":"","meta":{"footnotes":""},"class_list":["post-19374","page","type-page","status-publish","hentry"],"jetpack_sharing_enabled":true,"_links":{"self":[{"href":"https:\/\/www.kultursidan.nu\/index.php?rest_route=\/wp\/v2\/pages\/19374","targetHints":{"allow":["GET"]}}],"collection":[{"href":"https:\/\/www.kultursidan.nu\/index.php?rest_route=\/wp\/v2\/pages"}],"about":[{"href":"https:\/\/www.kultursidan.nu\/index.php?rest_route=\/wp\/v2\/types\/page"}],"author":[{"embeddable":true,"href":"https:\/\/www.kultursidan.nu\/index.php?rest_route=\/wp\/v2\/users\/1001006"}],"replies":[{"embeddable":true,"href":"https:\/\/www.kultursidan.nu\/index.php?rest_route=%2Fwp%2Fv2%2Fcomments&post=19374"}],"version-history":[{"count":205,"href":"https:\/\/www.kultursidan.nu\/index.php?rest_route=\/wp\/v2\/pages\/19374\/revisions"}],"predecessor-version":[{"id":41752,"href":"https:\/\/www.kultursidan.nu\/index.php?rest_route=\/wp\/v2\/pages\/19374\/revisions\/41752"}],"wp:attachment":[{"href":"https:\/\/www.kultursidan.nu\/index.php?rest_route=%2Fwp%2Fv2%2Fmedia&parent=19374"}],"curies":[{"name":"wp","href":"https:\/\/api.w.org\/{rel}","templated":true}]}}