{"id":19379,"date":"2015-04-09T14:28:49","date_gmt":"2015-04-09T13:28:49","guid":{"rendered":"https:\/\/intelligent-friend-7861.standoutwp.com\/?page_id=19379"},"modified":"2019-05-31T08:17:34","modified_gmt":"2019-05-31T07:17:34","slug":"tisdag","status":"publish","type":"page","link":"https:\/\/www.kultursidan.nu\/?page_id=19379","title":{"rendered":"Tisdag 4 juni"},"content":{"rendered":"<p><span style=\"color: #ff0000;\">NORRK\u00d6PING<\/span><br \/>\n<a href=\"https:\/\/www.kultursidan.nu\/?page_id=19320\" target=\"_blank\" rel=\"noopener noreferrer\">p\u00e5g\u00e5ende utst\u00e4llningar<\/a><\/p>\n<p><span style=\"color: #0000ff;\">BARN\/UNG\/FAMILJ\/SKAPA<\/span><\/p>\n<p><strong>15\u201317<\/strong> DigIT: <em>Koda i html, f\u00f6r 10\u201313 \u00e5r.<\/em> \u2022 Hageby bibliotek, Mirum galleria.<\/p>\n<p><strong>17\u201319<\/strong> DigIT: <em>Redigera bilder i Photoshop, f\u00f6r 10\u201319 \u00e5r.<\/em> \u2022 Hageby bibliotek, Mirum galleria.<\/p>\n<p><strong>19.00 <\/strong>Musikal: <em>Programmet \u2013 Hagaskolans \u00e5k 9.<\/em> \u2022 Arbis.<\/p>\n<p><span style=\"color: #0000ff;\">FILM<\/span><\/p>\n<p><strong>18.00<\/strong> Dokument\u00e4r\/ Samtal: <em>Hamada \u2013 ett flyktingl\u00e4ger. Efter visningen samtal med regiss\u00f6ren Eloy Dominguez Ser\u00e9n.<\/em> Arr: Eurodoc med st\u00f6d av Norrk\u00f6pings Filmfond och Svenska Filminstitutet. \u2022 Cnema.<\/p>\n<p><span style=\"color: #0000ff;\">GUIDNING\/VISNING<\/span><\/p>\n<p><strong>12.30\u201315 <\/strong>V\u00e4vtisdag: <em>Textilmaskinerna k\u00f6rs.<\/em> \u2022 Stadsmuseet.<\/p>\n<p><strong>18.00 <\/strong>Deckarvandring: <em>I Emelie Schepps fotsp\u00e5r med Peter Kristensson.<\/em> Arr: Upplev Norrk\u00f6ping. \u2022 Start fr\u00e5n Restaurangtorget, Kn\u00e4ppingsborg. (F\u00d6RANM\u00c4L)<\/p>\n<p><span style=\"color: #0000ff;\">MUSIK<\/span><\/p>\n<p><strong>17.00 <\/strong>K\u00f6rkonsert: <em>Buona Sera \u2013 italienska schlagers med K\u00f6rverket.<\/em> \u2022 Nelins Caf\u00e9 City.<\/p>\n<p><span style=\"color: #0000ff;\">SCEN<\/span><\/p>\n<p><strong>19.00 <\/strong>Komedi: <em>Den girige av Moli\u00e8re.<\/em> Prod: ChoppEvent. \u2022 G\u00e4stabudssalen, L\u00f6fstad slott.<\/p>\n<p><strong>19.00 <\/strong>Musikal: <em>Programmet \u2013 Hagaskolans \u00e5k 9.<\/em> \u2022 Arbis.<\/p>\n<p><span style=\"color: #ff0000;\">FINSP\u00c5NG<\/span><br \/>\n<a href=\"https:\/\/www.kultursidan.nu\/?page_id=19324\" target=\"_blank\" rel=\"noopener noreferrer\">p\u00e5g\u00e5ende utst\u00e4llningar<\/a><\/p>\n<p><span style=\"color: #ff0000;\">S\u00d6DERK\u00d6PING<br \/>\n<a href=\"https:\/\/www.kultursidan.nu\/?page_id=27507\" target=\"_blank\" rel=\"noopener noreferrer\">p\u00e5g\u00e5ende utst\u00e4llningar<\/a><\/span><\/p>\n<p><span style=\"color: #ff0000;\">VALDEMARSVIK<\/span><br \/>\n<a href=\"https:\/\/www.kultursidan.nu\/?page_id=27509\" target=\"_blank\" rel=\"noopener noreferrer\">p\u00e5g\u00e5ende utst\u00e4llningar<\/a><\/p>\n<p><strong>18.00<\/strong> F\u00f6redrag: <em>Statskuppen \u2013 om stad, landsbygd, \u00e4gander\u00e4tt och r\u00e4ttsprocesser mot j\u00e4gare med Karl Hedin.<\/em> \u2022 Valdemarsviks Folkets Hus. (F\u00d6RANM\u00c4L)<\/p>\n<p>&nbsp;<\/p>\n","protected":false},"excerpt":{"rendered":"<p>NORRK\u00d6PING p\u00e5g\u00e5ende utst\u00e4llningar BARN\/UNG\/FAMILJ\/SKAPA 15\u201317 DigIT: Koda i html, f\u00f6r 10\u201313 \u00e5r. \u2022 Hageby bibliotek, Mirum galleria. 17\u201319 DigIT: Redigera bilder i Photoshop, f\u00f6r 10\u201319 \u00e5r. \u2022 Hageby bibliotek, Mirum \u2026 <a class=\"continue-reading-link\" href=\"https:\/\/www.kultursidan.nu\/?page_id=19379\">L\u00e4s mer <span class=\"meta-nav\">&rarr; <\/span><\/a><\/p>\n","protected":false},"author":1001006,"featured_media":0,"parent":0,"menu_order":0,"comment_status":"closed","ping_status":"open","template":"","meta":{"footnotes":""},"class_list":["post-19379","page","type-page","status-publish","hentry"],"jetpack_sharing_enabled":true,"_links":{"self":[{"href":"https:\/\/www.kultursidan.nu\/index.php?rest_route=\/wp\/v2\/pages\/19379","targetHints":{"allow":["GET"]}}],"collection":[{"href":"https:\/\/www.kultursidan.nu\/index.php?rest_route=\/wp\/v2\/pages"}],"about":[{"href":"https:\/\/www.kultursidan.nu\/index.php?rest_route=\/wp\/v2\/types\/page"}],"author":[{"embeddable":true,"href":"https:\/\/www.kultursidan.nu\/index.php?rest_route=\/wp\/v2\/users\/1001006"}],"replies":[{"embeddable":true,"href":"https:\/\/www.kultursidan.nu\/index.php?rest_route=%2Fwp%2Fv2%2Fcomments&post=19379"}],"version-history":[{"count":196,"href":"https:\/\/www.kultursidan.nu\/index.php?rest_route=\/wp\/v2\/pages\/19379\/revisions"}],"predecessor-version":[{"id":41765,"href":"https:\/\/www.kultursidan.nu\/index.php?rest_route=\/wp\/v2\/pages\/19379\/revisions\/41765"}],"wp:attachment":[{"href":"https:\/\/www.kultursidan.nu\/index.php?rest_route=%2Fwp%2Fv2%2Fmedia&parent=19379"}],"curies":[{"name":"wp","href":"https:\/\/api.w.org\/{rel}","templated":true}]}}