{"id":19381,"date":"2015-04-09T14:30:46","date_gmt":"2015-04-09T13:30:46","guid":{"rendered":"https:\/\/intelligent-friend-7861.standoutwp.com\/?page_id=19381"},"modified":"2019-06-04T11:36:40","modified_gmt":"2019-06-04T10:36:40","slug":"onsdag","status":"publish","type":"page","link":"https:\/\/www.kultursidan.nu\/?page_id=19381","title":{"rendered":"Onsdag 5 juni"},"content":{"rendered":"<p><span style=\"color: #ff0000;\">NORRK\u00d6PING<\/span><br \/>\n<a href=\"https:\/\/www.kultursidan.nu\/?page_id=19320\" target=\"_blank\" rel=\"noopener noreferrer\">p\u00e5g\u00e5ende utst\u00e4llningar<\/a><\/p>\n<p>INVIGNING Promenadslinga runt \u00c5gelsj\u00f6n, Hultsbruks p-plats kl 13.<\/p>\n<p><span style=\"color: #0000ff;\">BARN\/ FAMILJ\/ UNG\/ SKAPA<br \/>\n<\/span><\/p>\n<p><strong>15\u201317<\/strong> DigIT: <em>Skriv texter f\u00f6r webben, f\u00f6r 10\u201313 \u00e5r.<\/em> \u2022 Hageby bibliotek, Mirum galleria. (F\u00d6RANM\u00c4L)<\/p>\n<p><strong>17\u201319<\/strong> DigIT: <em>Skriv texter f\u00f6r webben, f\u00f6r 14\u201319 \u00e5r.<\/em> \u2022 Hageby bibliotek, Mirum galleria. (F\u00d6RANM\u00c4L)<\/p>\n<p><strong>19.00 <\/strong>Musikal: <em>Programmet \u2013 Hagaskolans \u00e5k 9.<\/em> \u2022 Arbis.<\/p>\n<p><span style=\"color: #0000ff;\">FILM<\/span><\/p>\n<p><strong>16, 16.10, 16.20 &amp; 18.20 <\/strong>Animerat\/ Premi\u00e4r: <em>Husdjurens hemliga liv 2<\/em>. \u2022 Filmstaden.<\/p>\n<p><strong>16.30, 18.15 &amp; 20.40 <\/strong>\u00c4ventyr\/ Premi\u00e4r: <em>X-Men \u2013 Dark Phoenix<\/em>. \u2022 Filmstaden.<\/p>\n<p><strong>18.00 <\/strong>F\u00f6rfilmfestival\/ Dokument\u00e4r: <em>Kolonilotten<\/em>. Arr: Filmf\u00f6reningen Flimmer. \u2022 Harlekinen, Konstmuseet. (F\u00d6RANM\u00c4L)<\/p>\n<p><span style=\"color: #0000ff;\">GUIDNING\/ VANDRING<\/span><\/p>\n<p><strong>13 &amp; 14 <\/strong>Visning: <em>Slottsvisning.<\/em> \u2022 L\u00f6fstad slott.<\/p>\n<p><span style=\"color: #0000ff;\">MUSIK<\/span><\/p>\n<p><strong>19.00 <\/strong>Quiz: <em>Musikquiz med DJ Albin.<\/em> \u2022 The Cromwell House.<\/p>\n<p><strong>20.00 <\/strong>Old Gold\/ H\u00e5rdrock: <em>En kv\u00e4ll i juni \u2013 Partypatrullen med Mats Lev\u00e9n och Mia Carlsson. DJ.<\/em> \u2022 Hugo.<\/p>\n<p><span style=\"color: #0000ff;\">SCEN<\/span><\/p>\n<p><strong>18.00 <\/strong>Cirkus: <em>Cirkus Olympia<\/em>. \u2022 Vid Idrottsplatsen, SK\u00c4RBLACKA.<\/p>\n<p><strong>19.00 <\/strong>Komedi: <em>Den girige av Moli\u00e8re.<\/em> Prod: ChoppEvent. \u2022 G\u00e4stabudssalen, L\u00f6fstad slott.<\/p>\n<p><strong>19.00 <\/strong>Musikal: <em>Programmet \u2013 Hagaskolans \u00e5k 9.<\/em> \u2022 Arbis.<\/p>\n<p><span style=\"color: #ff0000;\">FINSP\u00c5NG<\/span><br \/>\n<a href=\"https:\/\/www.kultursidan.nu\/?page_id=19324\" target=\"_blank\" rel=\"noopener noreferrer\">p\u00e5g\u00e5ende utst\u00e4llningar<\/a><\/p>\n<p><strong>19.00 <\/strong>Alls\u00e5ng p\u00e5 Slottet: <em>Lotta Engberg, Tommy K\u00f6rberg, Jakob Samuel, Kadiatou och Daniel Norberg. <\/em> \u2022 Slottsparken.<\/p>\n<p><strong>19.00 <\/strong>Film: <em>X-Men \u2013 Dark Phoenix. <\/em> \u2022 Kulturhuset.<\/p>\n<p><span style=\"color: #ff0000;\">S\u00d6DERK\u00d6PING<\/span><br \/>\n<a href=\"https:\/\/www.kultursidan.nu\/?page_id=27507\" target=\"_blank\" rel=\"noopener noreferrer\">p\u00e5g\u00e5ende utst\u00e4llningar<\/a><\/p>\n<p><strong>20.00 <\/strong>Partyshow: <em>Stig-Helmers Charterrock \u2013 med Peter Malmberg, Bosse Br\u00e4nnerud och Michael Prenbo.<\/em> \u2022 Lock, Hop &amp; Barrel, Kanalhamnen.<\/p>\n<p><span style=\"color: #ff0000;\">VALDEMARSVIK<\/span><br \/>\n<a href=\"https:\/\/www.kultursidan.nu\/?page_id=27509\" target=\"_blank\" rel=\"noopener noreferrer\">p\u00e5g\u00e5ende utst\u00e4llningar<\/a><\/p>\n<p>&nbsp;<\/p>\n","protected":false},"excerpt":{"rendered":"<p>NORRK\u00d6PING p\u00e5g\u00e5ende utst\u00e4llningar INVIGNING Promenadslinga runt \u00c5gelsj\u00f6n, Hultsbruks p-plats kl 13. BARN\/ FAMILJ\/ UNG\/ SKAPA 15\u201317 DigIT: Skriv texter f\u00f6r webben, f\u00f6r 10\u201313 \u00e5r. \u2022 Hageby bibliotek, Mirum galleria. (F\u00d6RANM\u00c4L) \u2026 <a class=\"continue-reading-link\" href=\"https:\/\/www.kultursidan.nu\/?page_id=19381\">L\u00e4s mer <span class=\"meta-nav\">&rarr; <\/span><\/a><\/p>\n","protected":false},"author":1001006,"featured_media":0,"parent":0,"menu_order":0,"comment_status":"closed","ping_status":"open","template":"","meta":{"footnotes":""},"class_list":["post-19381","page","type-page","status-publish","hentry"],"jetpack_sharing_enabled":true,"_links":{"self":[{"href":"https:\/\/www.kultursidan.nu\/index.php?rest_route=\/wp\/v2\/pages\/19381","targetHints":{"allow":["GET"]}}],"collection":[{"href":"https:\/\/www.kultursidan.nu\/index.php?rest_route=\/wp\/v2\/pages"}],"about":[{"href":"https:\/\/www.kultursidan.nu\/index.php?rest_route=\/wp\/v2\/types\/page"}],"author":[{"embeddable":true,"href":"https:\/\/www.kultursidan.nu\/index.php?rest_route=\/wp\/v2\/users\/1001006"}],"replies":[{"embeddable":true,"href":"https:\/\/www.kultursidan.nu\/index.php?rest_route=%2Fwp%2Fv2%2Fcomments&post=19381"}],"version-history":[{"count":274,"href":"https:\/\/www.kultursidan.nu\/index.php?rest_route=\/wp\/v2\/pages\/19381\/revisions"}],"predecessor-version":[{"id":41827,"href":"https:\/\/www.kultursidan.nu\/index.php?rest_route=\/wp\/v2\/pages\/19381\/revisions\/41827"}],"wp:attachment":[{"href":"https:\/\/www.kultursidan.nu\/index.php?rest_route=%2Fwp%2Fv2%2Fmedia&parent=19381"}],"curies":[{"name":"wp","href":"https:\/\/api.w.org\/{rel}","templated":true}]}}