{"id":27509,"date":"2016-10-24T08:25:40","date_gmt":"2016-10-24T07:25:40","guid":{"rendered":"https:\/\/intelligent-friend-7861.standoutwp.com\/?page_id=27509"},"modified":"2026-03-10T11:42:14","modified_gmt":"2026-03-10T10:42:14","slug":"utstallningar-valdemarsvik","status":"publish","type":"page","link":"https:\/\/www.kultursidan.nu\/?page_id=27509","title":{"rendered":"UTST\u00c4LLNINGAR Valdemarsvik"},"content":{"rendered":"<h3><span style=\"color: #ff0000;\">VALDEMARSVIK<\/span><\/h3>\n<h4><span style=\"color: #0000ff;\">UTST\u00c4LLNINGAR<\/span><\/h4>\n<p><strong>Design Viktor Lenper<\/strong>\u00a0 . <a href=\"https:\/\/www.viktorlenper.se\/pages\/konstustallningar\" target=\"_blank\" rel=\"noopener\">info<\/a><\/p>\n<p><strong>Lofta Caff\u00e8, Loftahammar<\/strong> <a href=\"https:\/\/lofta-caffe.com\/program-2025\/\" target=\"_blank\" rel=\"noopener\">Info<\/a><br \/>\n\u2022 <em>Black Mindes on White Boards \u2013 Niklas Wr\u00e5ngberg, whiteboardpennor &amp; spritpennor p\u00e5 canvas. <\/em>14\u201329\/3 2026. \u2022\u00a0<em>Drivvedskonst &amp; sj\u00f6bodar \u2013 Ricky Nilsson, drivved &amp; \u00e5terbruk. <\/em>3\u201319\/4 2026. \u2022\u00a0<em>Remus Wilson, grafik, m\u00e5leri, ristningar.\u00a0<\/em>24\/4\u201310\/5 2026. \u2022\u00a0<em>Emelie Klockar\u00e5s, akvarell &amp; akryl.\u00a0<\/em>14\u201331\/5 2026. \u2022\u00a0<em>Mika Liffner, m\u00e5leri p\u00e5 \u00e5terbruket material.\u00a0<\/em>5\u201321\/6 2026. \u2022\u00a0<em>Berndt Janson, m\u00e5leri.\u00a0<\/em>23\/6\u20139\/7 2026. \u2022\u00a0<em>Timea Vauger &amp; Christer Lindberg, m\u00e5leri, grafik m.m<\/em>. 11\u201330\/7 2026. \u2022 S<em>ofia Wejde &amp; Evelina Velkaite, m\u00e5leri.\u00a0<\/em>1\u201316\/8 2026. \u2022 \u00a0<em>Mari-Anne Granath &amp; Elizabet Christiansson, m\u00e5leri &amp; textil.\u00a0<\/em>28\/8\u201313\/9 2026. \u2022\u00a0<em>OlaArt \u2013 Ola Niklasson, \u00e5kerbrukade bilder &amp;\u00a0<\/em><i>skulptur. <\/i>18\/9\u20134\/10 2026. \u2022 <em>PA Gerdev\u00e5g, fotografi. <\/em>9\u201325\/10 2026. \u2022 <em>Denis Galpin, fotografi.\u00a0<\/em>30\/10\u201315\/11 2026<\/p>\n<p><strong>Stines kvarn, EMT\u00d6HOLM<\/strong> \u2022 <em>Konstn\u00e4rer fr\u00e5n \u00d6sterg\u00f6tland. \u00a0<\/em>Juli m\u00e5nad varje sommar<em>.<\/em> \u2022\u2022 <strong>\u00d6ppet<\/strong> alla dagar kl 13\u201316.<\/p>\n<p><strong>Valdemarsviks bibliotek <\/strong><strong>\u2022<\/strong> <em><strong>Spektrummet\u00a0<\/strong><\/em> <em>F\u00f6rintelsens minnesdag. <\/em>26\u201330\/1 2026. <strong>\u00d6ppet<\/strong> m\u00e5ndag\u2013l\u00f6rdag kl 10\u2013 18. <a href=\"https:\/\/www.gotabiblioteken.se\/web\/arena\/valdemarsvik-program\/program-utstallningar\" target=\"_blank\" rel=\"noopener\">info<\/a><\/p>\n<h4><span style=\"color: #0000ff;\">ARBETSLIVSMUSEER, BYGDEG\u00c5RDAR m.m.<\/span><\/h4>\n<p><strong>K\u00e4rlekens Tr\u00e4dg\u00e5rd, Lilla Vik, Breviksn\u00e4s, GRYT<\/strong> <em>Privat tr\u00e4dg\u00e5rd med v\u00e4xtlighet och skulpturer.<\/em> \u2022\u2022 <strong>\u00d6ppet <\/strong>3\/5\u201328\/9 2025 kl 10\u201317. \u00d6vrig tid bokas. <a href=\"http:\/\/www.lilla-vik.se\/Kontakta-oss\/\" target=\"_blank\" rel=\"noopener\">Info<\/a><\/p>\n<p><strong>Valdemarsviks museum, Vammar k\u00f6pcentrum<\/strong>\u00a0<em>Svenska Fergusonklubbens samling av veterantraktorer med tillbeh\u00f6r<\/em>. \u2022\u2022 <strong>\u00d6ppet <\/strong>Boka p\u00e5 kansliet. <a href=\"https:\/\/www.fergusonklubben.se\" target=\"_blank\" rel=\"noopener\">Info<\/a><\/p>\n<p><strong>Gusums Bruksmuseum<\/strong>\u00a0<em><strong>Fast utst\u00e4llning<\/strong> Metall och teknik. \u2022 <strong>Sommarutst\u00e4llning (juni\u2013sept)<\/strong> <del>Gusum under 100 \u00e5r \u2013 ett brukssamh\u00e4lle i f\u00f6r\u00e4ndring.<\/del><\/em> <strong>\u2022\u2022<\/strong> <strong>\u00d6ppet<\/strong> <del>Tisdag\u2013fredag 10\u201317, l\u00f6rdag 10\u201314.<\/del> Gruppbes\u00f6k enligt \u00f6verenskommelse. <a href=\"http:\/\/www.gusumsbruksmuseum.se\" target=\"_blank\" rel=\"noopener\">info<\/a><\/p>\n","protected":false},"excerpt":{"rendered":"<p>VALDEMARSVIK UTST\u00c4LLNINGAR Design Viktor Lenper\u00a0 . info Lofta Caff\u00e8, Loftahammar Info \u2022 Black Mindes on White Boards \u2013 Niklas Wr\u00e5ngberg, whiteboardpennor &amp; spritpennor p\u00e5 canvas. 14\u201329\/3 2026. \u2022\u00a0Drivvedskonst &amp; sj\u00f6bodar \u2026 <a class=\"continue-reading-link\" href=\"https:\/\/www.kultursidan.nu\/?page_id=27509\">L\u00e4s mer <span class=\"meta-nav\">&rarr; <\/span><\/a><\/p>\n","protected":false},"author":1001006,"featured_media":0,"parent":0,"menu_order":0,"comment_status":"closed","ping_status":"closed","template":"","meta":{"footnotes":""},"class_list":["post-27509","page","type-page","status-publish","hentry"],"jetpack_sharing_enabled":true,"_links":{"self":[{"href":"https:\/\/www.kultursidan.nu\/index.php?rest_route=\/wp\/v2\/pages\/27509","targetHints":{"allow":["GET"]}}],"collection":[{"href":"https:\/\/www.kultursidan.nu\/index.php?rest_route=\/wp\/v2\/pages"}],"about":[{"href":"https:\/\/www.kultursidan.nu\/index.php?rest_route=\/wp\/v2\/types\/page"}],"author":[{"embeddable":true,"href":"https:\/\/www.kultursidan.nu\/index.php?rest_route=\/wp\/v2\/users\/1001006"}],"replies":[{"embeddable":true,"href":"https:\/\/www.kultursidan.nu\/index.php?rest_route=%2Fwp%2Fv2%2Fcomments&post=27509"}],"version-history":[{"count":105,"href":"https:\/\/www.kultursidan.nu\/index.php?rest_route=\/wp\/v2\/pages\/27509\/revisions"}],"predecessor-version":[{"id":43754,"href":"https:\/\/www.kultursidan.nu\/index.php?rest_route=\/wp\/v2\/pages\/27509\/revisions\/43754"}],"wp:attachment":[{"href":"https:\/\/www.kultursidan.nu\/index.php?rest_route=%2Fwp%2Fv2%2Fmedia&parent=27509"}],"curies":[{"name":"wp","href":"https:\/\/api.w.org\/{rel}","templated":true}]}}