{"id":36432,"date":"2018-05-20T09:30:09","date_gmt":"2018-05-20T08:30:09","guid":{"rendered":"https:\/\/intelligent-friend-7861.standoutwp.com\/?page_id=36432"},"modified":"2018-05-20T09:30:09","modified_gmt":"2018-05-20T08:30:09","slug":"integritetspolicy-for-kultursidan-nu","status":"publish","type":"page","link":"https:\/\/www.kultursidan.nu\/?page_id=36432","title":{"rendered":"Integritetspolicy f\u00f6r Kultursidan.nu"},"content":{"rendered":"<h3><span style=\"color: #0000ff;\">Aprop\u00e5 GPDR<\/span><\/h3>\n<h3>Vi samlar inte in personuppgifter<\/h3>\n<p><strong>Varf\u00f6r skulle vi g\u00f6ra det?<\/strong> Vi vill ber\u00e4tta om den lokala kulturen i \u00f6stra \u00d6sterg\u00f6tland f\u00f6r dig som vill l\u00e4sa. Vi vill inte s\u00e4lja p\u00e5 dig n\u00e5got eller s\u00e4lja dig till n\u00e5gon. Allts\u00e5 delar vi dem inte med n\u00e5gon utomst\u00e5ende.<\/p>\n<h4>Vi samlar in e-postadresser<\/h4>\n<p><strong>Vill du ha v\u00e5rt Nyhetsbrev med senaste nytt?\u00a0<\/strong> Kultursidan.nu uppdateras i stort sett dagligen. Nyhetsbrevet ges ut 1 \u00e0 2 g\u00e5nger i veckan. En app p\u00e5 Kultursidan skickar din adress till Get A Newsletter som registrerar alla anm\u00e4lda e-postadresser med enda syfte att kunna skicka ut Kultursidan.nu till alla som s\u00e5 \u00f6nskar. Detta g\u00f6rs i tv\u00e5 steg: 1. Anm\u00e4lan. 2. Du klickar p\u00e5 en bekr\u00e4ftelsel\u00e4nk som kommer till din e-postadress.<\/p>\n<h4>D\u00e4rf\u00f6r anv\u00e4nder vi inte kommentarer<\/h4>\n<p><strong>Kultursidan.nu ger inte utrymme f\u00f6r kommentarer i samband med artiklar.<\/strong> Fr\u00e4mst f\u00f6r att det \u00e4r tr\u00f6ttsamt och tids\u00f6dande att hantera spam.<\/p>\n<p>Vill du kommentera n\u00e5got s\u00e5 \u00e4r du v\u00e4lkommen att g\u00f6ra det p\u00e5 Facebook. Vi l\u00e4nkar alla v\u00e5ra artiklar p\u00e5 v\u00e5r Facebooksida.<\/p>\n<h4>Inb\u00e4ddat inneh\u00e5ll fr\u00e5n andra webbplatser<\/h4>\n<p><strong>Artiklar p\u00e5 denna webbplats kan inneh\u00e5lla inb\u00e4ddat inneh\u00e5ll (fr\u00e4mst bilder, ibland \u00e4ven videoklipp, och i undandtagsfall ljud).<\/strong> Inb\u00e4ddat inneh\u00e5ll fr\u00e5n andra webbplatser beter sig precis p\u00e5 samma s\u00e4tt som om bes\u00f6karen har bes\u00f6kt den andra webbplatsen.<\/p>\n<p>Dessa webbplatser kan samla in uppgifter om dig, anv\u00e4nda cookie-filer, b\u00e4dda in ytterligare sp\u00e5rning fr\u00e5n tredje part och \u00f6vervaka din interaktion med sagda inb\u00e4ddade inneh\u00e5ll, inklusive sp\u00e5rning av din interaktion med detta inb\u00e4ddade inneh\u00e5ll om du har ett konto och \u00e4r inloggad p\u00e5 webbplatsen i fr\u00e5ga.<\/p>\n<h3>F\u00f6r medarbetare<\/h3>\n<p><strong>Inloggade medarbetare kan se, redigera eller radera sina personuppgifter n\u00e4r som helst (med undantaget att de inte kan \u00e4ndra sitt anv\u00e4ndarnamn).<\/strong> Webbplatsens administrat\u00f6rer kan se och redigera denna information.<\/p>\n<h4>Cookie-filer<\/h4>\n<p><strong>Om du \u00e4r medarbetare och har ett konto och loggar in p\u00e5 denna webbplats skapas en tillf\u00e4llig cookie-fil f\u00f6r att kontrollera om din webbl\u00e4sare accepterar cookie-filer.<\/strong> Denna cookie-fil inneh\u00e5ller ingen personligt identifierbar information och f\u00f6rsvinner n\u00e4r du st\u00e4nger din webbl\u00e4sare.<\/p>\n<p>N\u00e4r du loggar in kommer vi dessutom att skapa flera cookie-filer f\u00f6r att spara information om din inloggning och dina val f\u00f6r utformning av sk\u00e4rmlayouten. Cookie-filer f\u00f6r inloggning g\u00e4ller i tv\u00e5 dagar och cookie-filer f\u00f6r layoutval g\u00e4ller i ett \u00e5r. Om du kryssar i \u201dKom ih\u00e5g mig\u201d kommer din cookie att finnas kvar i tv\u00e5 veckor. Om du loggar ut fr\u00e5n ditt konto kommer cookie-filerna f\u00f6r inloggning att tas bort.<\/p>\n<p>Om du redigerar eller publicerar en artikel kommer en extra cookie-fil att sparas i din webbl\u00e4sare. Denna cookie-fil inneh\u00e5ller inga personuppgifter utan anger endast inl\u00e4ggs-ID f\u00f6r den artikel du just redigerade. Den g\u00e4ller under 1 dygn.<\/p>\n<h4>Du har r\u00e4tt \u00f6ver dina data<\/h4>\n<p><strong>Du kan beg\u00e4ra en exportfil med de personuppgifter vi har om dig, inklusive alla uppgifter du har gett oss.<\/strong> Du kan ocks\u00e5 beg\u00e4ra att vi tar bort alla personuppgifter vi har om dig. Detta omfattar inte eventuella uppgifter som vi \u00e4r tvungna att spara av administrativa, legala eller s\u00e4kerhets\u00e4ndam\u00e5l.<\/p>\n<h3>Med v\u00e4nliga h\u00e4lsningar<\/h3>\n<h4><strong>Ann-Charlotte Sandelin<\/strong><\/h4>\n<p>redakt\u00f6r f\u00f6r Kultursidan.nu<\/p>\n","protected":false},"excerpt":{"rendered":"<p>Aprop\u00e5 GPDR Vi samlar inte in personuppgifter Varf\u00f6r skulle vi g\u00f6ra det? Vi vill ber\u00e4tta om den lokala kulturen i \u00f6stra \u00d6sterg\u00f6tland f\u00f6r dig som vill l\u00e4sa. Vi vill inte \u2026 <a class=\"continue-reading-link\" href=\"https:\/\/www.kultursidan.nu\/?page_id=36432\">L\u00e4s mer <span class=\"meta-nav\">&rarr; <\/span><\/a><\/p>\n","protected":false},"author":1001006,"featured_media":0,"parent":0,"menu_order":0,"comment_status":"closed","ping_status":"closed","template":"","meta":{"footnotes":""},"class_list":["post-36432","page","type-page","status-publish","hentry"],"jetpack_sharing_enabled":true,"_links":{"self":[{"href":"https:\/\/www.kultursidan.nu\/index.php?rest_route=\/wp\/v2\/pages\/36432","targetHints":{"allow":["GET"]}}],"collection":[{"href":"https:\/\/www.kultursidan.nu\/index.php?rest_route=\/wp\/v2\/pages"}],"about":[{"href":"https:\/\/www.kultursidan.nu\/index.php?rest_route=\/wp\/v2\/types\/page"}],"author":[{"embeddable":true,"href":"https:\/\/www.kultursidan.nu\/index.php?rest_route=\/wp\/v2\/users\/1001006"}],"replies":[{"embeddable":true,"href":"https:\/\/www.kultursidan.nu\/index.php?rest_route=%2Fwp%2Fv2%2Fcomments&post=36432"}],"version-history":[{"count":7,"href":"https:\/\/www.kultursidan.nu\/index.php?rest_route=\/wp\/v2\/pages\/36432\/revisions"}],"predecessor-version":[{"id":36439,"href":"https:\/\/www.kultursidan.nu\/index.php?rest_route=\/wp\/v2\/pages\/36432\/revisions\/36439"}],"wp:attachment":[{"href":"https:\/\/www.kultursidan.nu\/index.php?rest_route=%2Fwp%2Fv2%2Fmedia&parent=36432"}],"curies":[{"name":"wp","href":"https:\/\/api.w.org\/{rel}","templated":true}]}}