{"id":39059,"date":"2018-11-17T11:42:36","date_gmt":"2018-11-17T10:42:36","guid":{"rendered":"https:\/\/intelligent-friend-7861.standoutwp.com\/?page_id=39059"},"modified":"2019-07-21T17:55:39","modified_gmt":"2019-07-21T16:55:39","slug":"julkonserternas-tid-ar-nu","status":"publish","type":"page","link":"https:\/\/www.kultursidan.nu\/?page_id=39059","title":{"rendered":"Julkonserternas tid \u00e4r inne"},"content":{"rendered":"<p><a title=\"Juleljus\" href=\"https:\/\/www.flickr.com\/photos\/kultursidan\/48339153532\/in\/album-72157709787385037\/\"><img loading=\"lazy\" decoding=\"async\" src=\"https:\/\/live.staticflickr.com\/65535\/48339153532_ea092a8ae9.jpg\" alt=\"Juleljus\" width=\"500\" height=\"375\" \/><\/a><br \/>\n<em>Juleljus.<\/em><\/p>\n<p>&nbsp;<\/p>\n<h1><span style=\"color: #ff0000;\">I m\u00f6rkret t\u00e4nds ljusen<\/span><\/h1>\n<p>&nbsp;<\/p>\n<p>NORRK\u00d6PING\/ FINSP\u00c5NG\/ S\u00d6DERK\u00d6PING\/ VALDEMARSVIK <strong>Julkonserter \u00e4r som en l\u00e5ng marknadsafton.<\/strong> F\u00f6rst ut i \u00e5r \u00e4r Weeping Willows med sluts\u00e5lda &#8221;Christmas Time Has Come Tour&#8221;. H\u00e4r \u00e4r listan, med stora och sm\u00e5 akter och med ett urval av kyrkornas julkonserter.<\/p>\n<p>Saknar du n\u00e5gon konsert? Hj\u00e4lp till med tips s\u00e5 fyller vi p\u00e5.<\/p>\n<p><span style=\"color: #ff0000;\">NORRK\u00d6PING<\/span><\/p>\n<p><span style=\"color: #0000ff;\">NOVEMBER<\/span><\/p>\n<p style=\"padding-left: 30px;\">23\/11 19.30 De Geerhallen<br \/>\n<strong>Christmas Time Has Come Tour<\/strong><br \/>\nWeeping Willows\u00a0 (SLUTS\u00c5LT)<\/p>\n<p style=\"padding-left: 30px;\">25\/11 17.00 V\u00e5nga kyrka<br \/>\n<strong>Vinterkonsert<\/strong><br \/>\nFantastic Four och V\u00e5nga Kyrkok\u00f6r. Mikael Wittw\u00e5ng, trumpet<\/p>\n<p style=\"padding-left: 30px;\">25\/11 18.00 Simonstorps kyrka<br \/>\n<strong>Julkonsert<\/strong> \u2013 folk- och v\u00e4rldsmusik<br \/>\n<strong>Hazelius Hedin<\/strong><br \/>\nEsbj\u00f6rn Hazelius, s\u00e5ng, cittern, fiol och gitarr, och Johan Hedin \u2013 sopran- &amp; oktavnyckelharpa, cittern och s\u00e5ng.<\/p>\n<p style=\"padding-left: 30px;\">28\/11 18.00 Matteus kyrka<br \/>\n<strong>Adventskonsert<\/strong><br \/>\nHagaskolans musikklasser.<\/p>\n<p style=\"padding-left: 30px;\">29\/11 19.00 Hedvigs kyrka<br \/>\n<strong>Adventskonsert<\/strong><br \/>\nK\u00f6r de Vux, elever fr\u00e5n Kulturskolan och Pekingkvartetten under ledning av Kristina Burin Eriksson och Maria Jansson.<\/p>\n<p style=\"padding-left: 30px;\">30\/11 19.30 Flygeln<br \/>\n<strong>Julkonsert<\/strong> \u2013 soul, gospel och sv\u00e4ng<br \/>\nSamuel Ljungblahd, Kristin Amparo &amp; Bohusl\u00e4n Big Band<\/p>\n<p><span style=\"color: #0000ff;\">DECEMBER<\/span><\/p>\n<p style=\"padding-left: 30px;\">1\/12 19.30 De Geerhallen<br \/>\n<strong>Welcome to Christmas Island<\/strong><br \/>\nJill Johnson<\/p>\n<p style=\"padding-left: 30px;\">1\/12 20.00 Stadium Arena<br \/>\n<strong>Stj\u00e4rnklart<\/strong><br \/>\nLasse Berghagen, Robin Bengtsson, Kaliffa, E-Type, Linda Bengtzin, Wiktoria, Margaret. Konferencier: Kenny Mattsson.<\/p>\n<p style=\"padding-left: 30px;\">2\/12 19.00 S:t Johannes kyrka<br \/>\n<strong>Adventsmusik<br \/>\n<\/strong>K\u00f6rerna Ja-Ja-M\u00e4n, K\u00f6rb\u00f6norna, S:t Johannes vocalensemble samt musikanter under ledning av Lars Tallund.<\/p>\n<p style=\"padding-left: 30px;\">2\/12 19.00 Flygeln<br \/>\n<strong>Fr\u00f6ken Elvis jul<\/strong><\/p>\n<p style=\"padding-left: 30px;\">4\/12 19.00 Matteus kyrka<br \/>\n<strong>O helga natt<br \/>\n<\/strong>Vin-k\u00f6ren under ledning av Henrik Bergion. Solist: Anders Eksmo.<\/p>\n<p style=\"padding-left: 30px;\">5\/12 19.00 Matteus kyrka<br \/>\n<strong>Mitt Vinterland<br \/>\n<\/strong>Roger Pontare. Lind\u00f6k\u00f6ren och 8-gig under ledning av Jenny Stenberg.<\/p>\n<p style=\"padding-left: 30px;\">6\/12 19.00 S:t Johannes kyrka<br \/>\n<strong>Himlen h\u00e4nger stj\u00e4rnsvart<br \/>\n<\/strong>Luciakonsert med Norrk\u00f6pings Musikklasser Navestadsskolan \u00e5k 4-9.<\/p>\n<p style=\"padding-left: 30px;\">8\/12 15.00 De Geerhallen<br \/>\n<strong>SON \u2013 Barnens jul<br \/>\n<\/strong>N\u00f6tkn\u00e4pparen m\u00f6ter streetdansare. Norrk\u00f6pings Symfoniorkester och Legacy Family.<\/p>\n<p style=\"padding-left: 30px;\">8\/12 19.00 H\u00f6rsalen<br \/>\n<strong>Stj\u00e4rnen\u00e4tter \u2013 s\u00e5nger om julen<\/strong><br \/>\nSofia Karlsson och Martin Hederos<\/p>\n<p style=\"padding-left: 30px;\">9\/12 17.00 Hedvigs kyrka<br \/>\n<strong>O kom, Immanuel!<\/strong><br \/>\nVokalmusik under ledning av Emil Holmberg.<\/p>\n<p style=\"padding-left: 30px;\">9\/12 17.00 Simonstorps kyrka, KOLM\u00c5RDEN<br \/>\n<strong>Julkonsert<\/strong><br \/>\nSimonstorpsk\u00f6ren och Torps\u00e5ngarna under ledning av Malin Ekstrand.<\/p>\n<p style=\"padding-left: 30px;\">9\/12 18.00 De Geerhallen, Louis De Geer.<br \/>\n<strong>Christmas Night<\/strong><br \/>\nMagnus Carlsson, Elisa Lindstr\u00f6m, Tommy Nilsson och Sofia K\u00e4llgren med stor ensemble.<\/p>\n<p style=\"padding-left: 30px;\">9\/12 18.00 De Geerhallen, Louis De Geer.<br \/>\n<strong>Christmas Night<\/strong><br \/>\nMagnus Carlsson, Elisa Lindstr\u00f6m, Tommy Nilsson och Sofia K\u00e4llgren med stor ensemble.<\/p>\n<p style=\"padding-left: 30px;\">10\/12 18.00 S:t Olai kyrka<br \/>\n<strong>Julkonsert<br \/>\n<\/strong>Robert Wells och Maria Wells. (SLUTS\u00c5LT)<\/p>\n<blockquote>\n<h5 style=\"padding-left: 30px;\">LUCIAKONSERTER<\/h5>\n<p style=\"padding-left: 30px;\">12\/12 18.30 De Geerhallen<br \/>\n<strong>Luciakonsert 2018<\/strong><br \/>\nNorrk\u00f6pings Luciat\u00e5g, hundratalet k\u00f6rs\u00e5ngare och musikanter fr\u00e5n\u00a0 Kulturskolan och De Geergymnasiet Musik. Kr\u00f6ning av Norrk\u00f6pings Lucia.<\/p>\n<p style=\"padding-left: 30px;\">12\/12 18.30 Hedvigs kyrka<br \/>\n<strong>Stig in Lucia<\/strong><br \/>\nHagaskolans musikklasser.<\/p>\n<p style=\"padding-left: 30px;\">13\/12 07.30 Hedvigs kyrka<br \/>\n<strong>Luciamorgon<\/strong><br \/>\nHagaskolans musikklasser.<\/p>\n<p style=\"padding-left: 30px;\">13\/12 18.00 Hedvigs kyrka<br \/>\n<strong>Luciakonsert<\/strong><br \/>\nI v\u00e4ntan p\u00e5 Norrk\u00f6pings Lucia \u2013 Novak\u00f6ren under ledning av Anna Sk\u00f6ldh och Norrk\u00f6pings Luciat\u00e5g.<\/p>\n<p style=\"padding-left: 30px;\">13\/12 18.00 V\u00e5nga kyrka, V\u00c5NGA<strong><br \/>\nLuciakonsert<br \/>\n<\/strong>Skog\u00e4nsg\u00e5rden barnk\u00f6r och k\u00f6ren Follow Me under ledning av Karin Rudholm.<\/p>\n<p style=\"padding-left: 30px;\">13\/12 18.00 \u00d6stra Eneby kyrka<strong><br \/>\nLuciakonsert<br \/>\n<\/strong>Barn- och ungdomsk\u00f6rerna: Korinterna, K\u00f6ramellerna, K\u00f6riz och Tonh\u00f6jdarna.<\/p>\n<p style=\"padding-left: 30px;\">13\/12 19.00\u00a0Kvarsebo kyrka, KOLM\u00c5RDEN.<strong><br \/>\nLuciakonsert<br \/>\n<\/strong>Christinak\u00f6ren och ungdomar fr\u00e5n Kvarsebo.<\/p>\n<p style=\"padding-left: 30px;\">13\/12 19.30 Centrumkyrkan<br \/>\n<strong>Bel Cantok\u00f6rens tradionella Luciakonsert<\/strong><br \/>\nDirigent: Michael Bruze. Pianist: Marcus \u00d6sterlund.<\/p>\n<p style=\"padding-left: 30px;\">14\/12 12.30 Matteus kyrka<br \/>\n<strong>Lunch-Lucia<\/strong><br \/>\nNovak\u00f6ren under ledning av Anna Sk\u00f6ldh.<\/p>\n<\/blockquote>\n<p>&nbsp;<\/p>\n<p style=\"padding-left: 30px;\">14\/12 17\u201319 Scenen, Mirum galleria<br \/>\n<strong>Vackra juls\u00e5nger<\/strong><br \/>\nRoland Engdahl, Lars J\u00f6nsson och Ottilia Svensson.<\/p>\n<p style=\"padding-left: 30px;\">14\/12 19.00 De Geerhallen<br \/>\n<strong>Julkonsert<\/strong><br \/>\nNorrk\u00f6pings Symfoniorkester, Norrk\u00f6pings musikklasser fr\u00e5n Hagaskolan och Navestadsskolan.<\/p>\n<p style=\"padding-left: 30px;\">15\/12 15.00 Hedvigs kyrka<br \/>\n<strong>Julkonsert med k\u00e4nda klassiska juls\u00e5nger<\/strong><br \/>\nEddie Oliva, \u00c5sa Sj\u00f6berg, Anders Eksmo, Ulf Holmertz, Tove och Charlotta Widerberg, Claes-Martin Hoffsten och medlemmar fr\u00e5n Ingmar Nordstr\u00f6ms &amp; Max Rogers. Arr: Erling Fredriksson. (SLUTS\u00c5LT)<\/p>\n<p style=\"padding-left: 30px;\">15\/12 15 &amp; 18 Centrumkyrkan<br \/>\n<strong>En str\u00e5lande jul<\/strong><br \/>\nTina Lejonberg och Pontus Helander, Vanna Mantefors, Maja Dusen, Bel Cantok\u00f6ren. Arr: Pontus Helander.<\/p>\n<p style=\"padding-left: 30px;\">15\/12 16 &amp; 18 \u00d6stra Eneby kyrka<br \/>\n<strong>Du h\u00e4rliga juletid<\/strong><br \/>\nLinn\u00e9a T\u00f6rnqvist, sopran, Tonkraft, Musiker ur SON, Fredrik Ing\u00e5 piano, orgel, Barn- och ungdomsk\u00f6rer. Dirigent: Ann T\u00f6rnqvist.<\/p>\n<p style=\"padding-left: 30px;\">15\/12 16.00 Matteus kyrka<br \/>\n<strong>Adventskonsert<\/strong><br \/>\nKammark\u00f6ren.<\/p>\n<p style=\"padding-left: 30px;\">15\/12 18.00 Kuddby kyrka, VIKBOLANDET<br \/>\n<strong>Julkonsert<\/strong><br \/>\nPastoratsk\u00f6rer och musiker.<\/p>\n<p style=\"padding-left: 30px;\">16\/12 14.00 De Geerhallen<br \/>\n<strong>Matildas jul<\/strong><br \/>\nMatilda Gr\u00fcn och David Lindgren med musiker.<\/p>\n<p style=\"padding-left: 30px;\">16\/12 17.00 Hedvigs kyrka<br \/>\n<strong>De vackraste juls\u00e5ngerna\/ Kauneimmat joululaulut<\/strong><br \/>\nHannu Lehtikangas.<\/p>\n<p style=\"padding-left: 30px;\">16\/12 17.00 Krokeks kyrka, KOLM\u00c5RDEN<br \/>\n<strong>I juletid<\/strong><br \/>\nKrokeks kyrkok\u00f6r, Ann-Christin Hallgren, s\u00e5ngsolist och dirigent, Eva Elvin, fl\u00f6jt, samt Kerstin Jannesson, piano och orgel.<\/p>\n<p style=\"padding-left: 30px;\">16\/12 18.00 Centrumkyrkan<br \/>\n<strong>Christmas Carols<\/strong><br \/>\nA festival of Nine Lessons and Carols.<\/p>\n<p style=\"padding-left: 30px;\">16\/12 18.00 Sk\u00e4rkinds kyrka, SK\u00c4RKIND<br \/>\n<strong>Julkonsert<\/strong><br \/>\nKimstad\/Sk\u00e4rkinds kyrkok\u00f6r, V\u00e5nga kyrkok\u00f6r, Anders Andersson orgel, Mikael Wittw\u00e5ng trumpet, samt kompgrupp. Under ledning av Maria Tillberg.<\/p>\n<p style=\"padding-left: 30px;\">17\/12 18.30 S\u00f6derledskyrkan<br \/>\n<strong>Inunder stj\u00e4rnorna<br \/>\n<\/strong>S\u00e5nggruppen K\u00f6r\u00b4n.<\/p>\n<p style=\"padding-left: 30px;\">17\/12 19.00 Hedvigs kyrka<br \/>\n<strong>Anna-Lottas jul<br \/>\n<\/strong>Anna-Lotta Larsson och Andreas Landegren. Halsbandet, VIN-k\u00f6ren, J\u00d6R-k\u00f6ren och Fenix-k\u00f6ren under ledning av Ann-Christin Hallgren.<\/p>\n<p style=\"padding-left: 30px;\">17\/12 19.00 Lind\u00f6 kapell<br \/>\n<strong>Julens p\u00e4rlor<\/strong><br \/>\nLind\u00f6k\u00f6ren med solist Linn Henriksson.<\/p>\n<p style=\"padding-left: 30px;\">18\/12 19.00 Immanuelskyrkan<br \/>\n<strong>Stella Natalis<\/strong> av Karl Jenkins<br \/>\nK\u00f6rverket med dirigent: Helena Bj\u00f6reman. Dikter\/betraktelser: Robban Zetterberg. Musiker: Henrik Bergion, piano, G\u00f6ran Carlsson, slagverk, och Mikael Wittw\u00e5ng, trumpet.<\/p>\n<p style=\"padding-left: 30px;\">20\/12 17\u201319 Scenen, Mirum galleria<br \/>\n<strong>Vackra juls\u00e5nger<\/strong><br \/>\nRoland Engdahl, Lars J\u00f6nsson och Ottilia Svensson.<\/p>\n<p class=\"content-info-description\" style=\"padding-left: 30px;\">20\/12 19.00 De Geerhallen<br \/>\n<strong>Dickens \u2013 En julsaga<\/strong><br \/>\nNorrk\u00f6pings Symfoniorkester, Bel Cantok\u00f6ren, Musikaliska S\u00e4llskapets Kammark\u00f6r, \u00d6stg\u00f6ta Kammark\u00f6r. Ber\u00e4ttare: Christian Zell.<\/p>\n<p style=\"padding-left: 30px;\">20\/12 19.00 Dynamo, Hallarna<br \/>\n<strong>Midvinterkv\u00e4ll<\/strong><br \/>\nDamk\u00f6ren under lednng av Elisabeth Hellman. Fredrik Ing\u00e5, piano. Ljud &amp; ljus: Mats Stenberg.<\/p>\n<p style=\"padding-left: 30px;\">20\/12 19.00 S:t Johannes kyrka<br \/>\n<strong>Advents- och julkonsert<\/strong><br \/>\nS:t Olofs kammark\u00f6r under ledning av Lars Beckman<\/p>\n<p style=\"padding-left: 30px;\">20\/12 19.30 Flygeln, Louis De Geer<br \/>\n<strong>Rock n\u00b4Roll X-Mas<\/strong><br \/>\nThe Refreshments &amp; Nisse Hellberg<\/p>\n<p style=\"padding-left: 30px;\">21\/12 17\u201319 Scenen, Mirum galleria<br \/>\n<strong>Vackra juls\u00e5nger<\/strong><br \/>\nRoland Engdahl, Lars J\u00f6nsson och Ottilia Svensson.<\/p>\n<p style=\"padding-left: 30px;\">21\/12 19.30 De Geerhallen, Louis De Geer<br \/>\n<strong>I juletid<\/strong><br \/>\nG\u00e4stsolisten Christer Sj\u00f6gren med trumpetaren Magnus Johansson och kapellm\u00e4stare Marcos Ubeda. Medverkar g\u00f6r \u00e4ven k\u00f6ren R\u00f6ster \u00e0 la Rydberg med s\u00e5ngare fr\u00e5n \u00d6sterg\u00f6tland samt Ragnar Dahlberg.<\/p>\n<p style=\"padding-left: 30px;\">22\/12 16.00 Hedvigs kyrka<br \/>\n<strong>Vi sjunger in julen<\/strong><br \/>\nS:t Olofs f\u00f6rsamlings k\u00f6rer och musiker.<\/p>\n<p style=\"padding-left: 30px;\">22\/12 16\u201323 Dynamo, Hallarna<br \/>\n<strong>December Darkness<\/strong><br \/>\nMarduk, Vanhelgd, Nordjevel, Mephorash.<\/p>\n<p style=\"padding-left: 30px;\">23\/12 11.00 T\u00e5by kyrka, VIKBOLANDET<br \/>\n<strong>Vi sjunger in julen<\/strong><br \/>\nPastoratsk\u00f6ren.<\/p>\n<p style=\"padding-left: 30px;\">26\/12 16.00 \u00d6stra Ny kyrka, VIKBOLANDET<br \/>\n<strong>Grill-orgel<\/strong><br \/>\nMartin Riessen spelar p\u00e5 Nordstr\u00f6morgeln.<\/p>\n<p style=\"padding-left: 30px;\">26\/12 18.00 Kvarsebo kyrka, KOLM\u00c5RDEN<br \/>\n<strong>Christmas Gospel Night<\/strong><br \/>\nKvarsebo gospel.<\/p>\n<p><span style=\"color: #0000ff;\">JANUARI<\/span><\/p>\n<p style=\"padding-left: 30px;\">6\/1 18.00 Borgs kyrka<br \/>\n<strong>Gl\u00e4ns \u00f6ver sj\u00f6 och strand<\/strong><br \/>\nBel Cantok\u00f6ren. Dirigent: Michael Bruze. Pianist: Marcus \u00d6sterlund.<\/p>\n<p style=\"padding-left: 30px;\">6\/1 18.00 \u00d6stra Husby kyrka, VIKBOLANDET<br \/>\n<strong>No\u00ebl!<\/strong><br \/>\nVerk av bl a Dandrieu, Daquin, Balbastre och Guilmant med Martin Riessen, orgel<\/p>\n<p><span style=\"color: #ff0000;\">FINSP\u00c5NG<\/span><\/p>\n<p style=\"padding-left: 30px;\">9\/12 18.00 Risinge kyrka<br \/>\n<strong>Julkonsert<\/strong><br \/>\nFinsp\u00e5ngs Musiks\u00e4llskap och Julk\u00f6ren under ledning av Thord Eriksson och Monika Blomberg.<\/p>\n<p style=\"padding-left: 30px;\">15\/12 17.00 Skedevi kyrka<br \/>\n<strong>Julkonsert<\/strong><br \/>\nJulstund med Lullaby Ladies.<\/p>\n<p style=\"padding-left: 30px;\">15\/12 18.00 Missionskyrkan<br \/>\n<strong>Julkonsert<\/strong><br \/>\nFinspong Brass och Fr\u00e4lsningsarmens Musikk\u00e5r.<\/p>\n<p style=\"padding-left: 30px;\">16\/12 16.00 H\u00e4llestad kyrka<br \/>\n<strong>Luciakonsert<\/strong><br \/>\nH\u00e4llestads kyrkok\u00f6r, mansk\u00f6r och Luciak\u00f6r samt Ljusfalls friskola \u00e5rskurs 4-6 under ledning av Kristine Svensson.<\/p>\n<p style=\"padding-left: 30px;\">16\/12 18.00 Risinge kyrka<br \/>\n<strong>Vi sjunger in julen<\/strong><br \/>\nMariag\u00e5rdens barnk\u00f6r, Joysingers, Risinge kyrkok\u00f6r och damk\u00f6r samt Martin Bj\u00f6rkvall och Eva Yngvesson, trumpet.<\/p>\n<p><span style=\"color: #ff0000;\">S\u00d6DERK\u00d6PING<\/span><\/p>\n<p style=\"padding-left: 30px;\">8\/12 18.00 S:t Laurentii kyrka<br \/>\n<strong>Julgospelkonsert<\/strong><\/p>\n<p style=\"padding-left: 30px;\">9\/12 16.00 G\u00e5rdeby kyrka, \u00d6STRA RYD<br \/>\n<strong>Julspel<br \/>\n<\/strong>Link\u00f6pings Kammark\u00f6r under ledning av Helene Ranada Matstoms.<strong><br \/>\n<\/strong><\/p>\n<p style=\"padding-left: 30px;\">9\/12 18.00 Drothems kyrka.<br \/>\n<strong>Advents- och julkonsert<br \/>\n<\/strong>KFUM-k\u00f6ren.<\/p>\n<p style=\"padding-left: 30px;\">12\/12 18.30 S:t Laurentii kyrka<br \/>\n<strong>Luciakr\u00f6ning<\/strong><br \/>\n19.30<br \/>\n<strong>Luciakonsert<\/strong><\/p>\n<p style=\"padding-left: 30px;\">16\/12 16.00 V\u00e4stra Husby kyrka, V\u00c4STRA HUSBY<br \/>\n<strong>Julkonsert<\/strong><br \/>\nV\u00e4stra Husby kyrkok\u00f6r under ledning av Bodil Hedman. Solist: Elsa G\u00f6ransson. Tomas Odenhall, fl\u00f6jt.<\/p>\n<p style=\"padding-left: 30px;\">16\/12 17 &amp; 19 S:t Laurentii kyrka<br \/>\n<strong>Julen sjungs in<\/strong><br \/>\nS:t Laurentii kyrkok\u00f6r, K\u00f6r con Coeur, S\u00f6derk\u00f6pings kammarorkester. Solist: Elsa G\u00f6ransson.<\/p>\n<p style=\"padding-left: 30px;\">19\/12 18.30 Brunnssalongen<br \/>\n<strong>Julst\u00e4mning<\/strong><br \/>\n\u00c5sa Sj\u00f6berg, Claes L\u00f6vgren, Roland Engdahl med Izabella Swartz, Ragnar Dahlberg och Lars J\u00f6nsson. (SLUTS\u00c5LT)<\/p>\n<p style=\"padding-left: 30px;\">28\/12 19.00 S:t Anna kyrka, SANKT ANNA.<br \/>\n<strong>Julkonsert<br \/>\n<\/strong>John Rutters Himmelsk musik \u2013 S:t Anna Vocalensemble. Dirigent: Roger Eriksson. Solist, Anders Eksmo, s\u00e5ng. Caroline Eksmo, piano.<\/p>\n<p><span style=\"color: #0000ff;\">JANUARI<\/span><\/p>\n<p style=\"padding-left: 30px;\">6\/1 18.00 S:t Laurentii kyrka<br \/>\n<strong>Trettondagskonsert<br \/>\n<\/strong>K\u00f6ren Halsbandet, Ann-Christin Hallgren, dirigent och solist, Eva Elvin, fl\u00f6jt, Charlotte Svensson, orgel.<strong><br \/>\n<\/strong><\/p>\n<p><span style=\"color: #ff0000;\">VALDEMARSVIK<\/span><\/p>\n<p style=\"padding-left: 30px;\">9\/12 18.00 Tryserums kyrka, TRYSERUM<br \/>\n<strong>Julkonsert<br \/>\n<\/strong>Tryserum-\u00d6stra Eds kyrkok\u00f6r under ledning av Kalle Fr\u00e4mberg.<\/p>\n<p style=\"padding-left: 30px;\">22\/12 18.00 Valdemarsviks kyrka<br \/>\n<strong>Julinsjungning<br \/>\n<\/strong><em>Valdemarsvik-Gryts kyrkok\u00f6r, Lenas dr\u00e4ngar, Hans-\u00c5ke Landqvist och Anne Karlsson, trumpet<\/em>.<\/p>\n","protected":false},"excerpt":{"rendered":"<p>Juleljus. &nbsp; I m\u00f6rkret t\u00e4nds ljusen &nbsp; NORRK\u00d6PING\/ FINSP\u00c5NG\/ S\u00d6DERK\u00d6PING\/ VALDEMARSVIK Julkonserter \u00e4r som en l\u00e5ng marknadsafton. F\u00f6rst ut i \u00e5r \u00e4r Weeping Willows med sluts\u00e5lda &#8221;Christmas Time Has Come \u2026 <a class=\"continue-reading-link\" href=\"https:\/\/www.kultursidan.nu\/?page_id=39059\">L\u00e4s mer <span class=\"meta-nav\">&rarr; <\/span><\/a><\/p>\n","protected":false},"author":1001006,"featured_media":0,"parent":0,"menu_order":0,"comment_status":"closed","ping_status":"closed","template":"","meta":{"footnotes":""},"class_list":["post-39059","page","type-page","status-publish","hentry"],"jetpack_sharing_enabled":true,"_links":{"self":[{"href":"https:\/\/www.kultursidan.nu\/index.php?rest_route=\/wp\/v2\/pages\/39059","targetHints":{"allow":["GET"]}}],"collection":[{"href":"https:\/\/www.kultursidan.nu\/index.php?rest_route=\/wp\/v2\/pages"}],"about":[{"href":"https:\/\/www.kultursidan.nu\/index.php?rest_route=\/wp\/v2\/types\/page"}],"author":[{"embeddable":true,"href":"https:\/\/www.kultursidan.nu\/index.php?rest_route=\/wp\/v2\/users\/1001006"}],"replies":[{"embeddable":true,"href":"https:\/\/www.kultursidan.nu\/index.php?rest_route=%2Fwp%2Fv2%2Fcomments&post=39059"}],"version-history":[{"count":45,"href":"https:\/\/www.kultursidan.nu\/index.php?rest_route=\/wp\/v2\/pages\/39059\/revisions"}],"predecessor-version":[{"id":42043,"href":"https:\/\/www.kultursidan.nu\/index.php?rest_route=\/wp\/v2\/pages\/39059\/revisions\/42043"}],"wp:attachment":[{"href":"https:\/\/www.kultursidan.nu\/index.php?rest_route=%2Fwp%2Fv2%2Fmedia&parent=39059"}],"curies":[{"name":"wp","href":"https:\/\/api.w.org\/{rel}","templated":true}]}}