{"id":41995,"date":"2019-07-19T08:59:52","date_gmt":"2019-07-19T07:59:52","guid":{"rendered":"https:\/\/intelligent-friend-7861.standoutwp.com\/?page_id=41995"},"modified":"2022-05-22T09:18:34","modified_gmt":"2022-05-22T08:18:34","slug":"utstallningar-i-ostra-ostergotland","status":"publish","type":"page","link":"https:\/\/www.kultursidan.nu\/?page_id=41995","title":{"rendered":"Utst\u00e4llningar i \u00d6stra \u00d6sterg\u00f6tland"},"content":{"rendered":"<h1><span style=\"color: #ff0000;\">Vackert, historiskt, t\u00e4nkv\u00e4rt<\/span><\/h1>\n<p>Stora museer som Arbetets museum och Norrk\u00f6pings Konstmuseum, n\u00f6rdiga arbetslivsmuseer som ber\u00e4ttar om papper, flyg och traktorer.<\/p>\n<p>P\u00e5 gallerier och annorst\u00e4des: nyskapad konst, \u00e4ldre konst, konceptuell konst, konst ute och konst inne.<\/p>\n<p>Unika p\u00e4rlor: Edgards i S:t Anna, K\u00e4rlekens tr\u00e4dg\u00e5rd i Gryt, S:ta Maria kyrka i Risinge, och Zarah Leander-museet i H\u00e4radshammar. Med mycket mera.<\/p>\n<p><a href=\"https:\/\/www.kultursidan.nu\/?page_id=19320\" target=\"_blank\" rel=\"noopener noreferrer\">Norrk\u00f6ping<\/a>\u00a0 <a href=\"https:\/\/www.kultursidan.nu\/?page_id=19324\" target=\"_blank\" rel=\"noopener noreferrer\">Finsp\u00e5ng<\/a> \u00a0<a href=\"https:\/\/www.kultursidan.nu\/?page_id=27507\" target=\"_blank\" rel=\"noopener noreferrer\">S\u00f6derk\u00f6ping<\/a> \u00a0<a href=\"https:\/\/www.kultursidan.nu\/?page_id=27509\" target=\"_blank\" rel=\"noopener noreferrer\">Valdemarsvik<\/a> \u00a0<a href=\"https:\/\/www.kultursidan.nu\/?page_id=19322\" target=\"_blank\" rel=\"noopener noreferrer\">Link\u00f6ping<\/a><\/p>\n","protected":false},"excerpt":{"rendered":"<p>Vackert, historiskt, t\u00e4nkv\u00e4rt Stora museer som Arbetets museum och Norrk\u00f6pings Konstmuseum, n\u00f6rdiga arbetslivsmuseer som ber\u00e4ttar om papper, flyg och traktorer. P\u00e5 gallerier och annorst\u00e4des: nyskapad konst, \u00e4ldre konst, konceptuell konst, \u2026 <a class=\"continue-reading-link\" href=\"https:\/\/www.kultursidan.nu\/?page_id=41995\">L\u00e4s mer <span class=\"meta-nav\">&rarr; <\/span><\/a><\/p>\n","protected":false},"author":1001006,"featured_media":0,"parent":0,"menu_order":0,"comment_status":"closed","ping_status":"closed","template":"","meta":{"footnotes":""},"class_list":["post-41995","page","type-page","status-publish","hentry"],"jetpack_sharing_enabled":true,"_links":{"self":[{"href":"https:\/\/www.kultursidan.nu\/index.php?rest_route=\/wp\/v2\/pages\/41995","targetHints":{"allow":["GET"]}}],"collection":[{"href":"https:\/\/www.kultursidan.nu\/index.php?rest_route=\/wp\/v2\/pages"}],"about":[{"href":"https:\/\/www.kultursidan.nu\/index.php?rest_route=\/wp\/v2\/types\/page"}],"author":[{"embeddable":true,"href":"https:\/\/www.kultursidan.nu\/index.php?rest_route=\/wp\/v2\/users\/1001006"}],"replies":[{"embeddable":true,"href":"https:\/\/www.kultursidan.nu\/index.php?rest_route=%2Fwp%2Fv2%2Fcomments&post=41995"}],"version-history":[{"count":13,"href":"https:\/\/www.kultursidan.nu\/index.php?rest_route=\/wp\/v2\/pages\/41995\/revisions"}],"predecessor-version":[{"id":43133,"href":"https:\/\/www.kultursidan.nu\/index.php?rest_route=\/wp\/v2\/pages\/41995\/revisions\/43133"}],"wp:attachment":[{"href":"https:\/\/www.kultursidan.nu\/index.php?rest_route=%2Fwp%2Fv2%2Fmedia&parent=41995"}],"curies":[{"name":"wp","href":"https:\/\/api.w.org\/{rel}","templated":true}]}}